{"id":37,"date":"2024-04-16T17:28:47","date_gmt":"2024-04-16T14:28:47","guid":{"rendered":"https:\/\/aracikargo.com.tr\/?page_id=37"},"modified":"2025-02-07T22:02:30","modified_gmt":"2025-02-07T19:02:30","slug":"hakkimizda","status":"publish","type":"page","link":"https:\/\/aracikargo.com.tr\/index.php\/hakkimizda\/","title":{"rendered":"Hakk\u0131m\u0131zda"},"content":{"rendered":"\n<p><a href=\"https:\/\/aracikargo.com.tr\/\">Arac\u0131 Kargo<\/a> 2003 Y\u0131l\u0131nda Kargo sekt\u00f6r\u00fcne Merkezi \u0130stanbul Ata\u015fehir&#8217;de giri\u015f yapm\u0131\u015ft\u0131r.Tahsilatl\u0131 Kargo Kap\u0131da \u00d6demeli Kargo alan\u0131nda hizmet veren Arac\u0131 Kargo ilk d\u00f6nemlerde \u0130stanbul i\u00e7i Teslimatlar ile sekt\u00f6rde hizmet verdikten sonra k\u0131sa s\u00fcrede T\u00fcm T\u00fcrkiye&#8217;ye Tahsilatl\u0131 Kargo hizmeti vermektedir.<\/p>\n","protected":false},"excerpt":{"rendered":"<p>Arac\u0131 Kargo 2003 Y\u0131l\u0131nda Kargo sekt\u00f6r\u00fcne Merkezi \u0130stanbul Ata\u015fehir&#8217;de giri\u015f yapm\u0131\u015ft\u0131r.Tahsilatl\u0131 Kargo Kap\u0131da \u00d6demeli Kargo alan\u0131nda hizmet veren Arac\u0131 Kargo ilk d\u00f6nemlerde \u0130stanbul i\u00e7i Teslimatlar ile sekt\u00f6rde hizmet verdikten sonra k\u0131sa s\u00fcrede T\u00fcm T\u00fcrkiye&#8217;ye Tahsilatl\u0131 Kargo hizmeti vermektedir.<\/p>\n","protected":false},"author":1,"featured_media":38,"parent":0,"menu_order":0,"comment_status":"closed","ping_status":"closed","template":"","meta":{"footnotes":""},"class_list":["post-37","page","type-page","status-publish","has-post-thumbnail","hentry"],"yoast_head":"<!-- This site is optimized with the Yoast SEO plugin v22.5 - https:\/\/yoast.com\/wordpress\/plugins\/seo\/ -->\n<title>Hakk\u0131m\u0131zda<\/title>\n<meta name=\"description\" content=\"Arac\u0131 Kargo 2003 Y\u0131l\u0131nda Kargo sekt\u00f6r\u00fcne Merkezi \u0130stanbul Ata\u015fehir&#039;de giri\u015f yapm\u0131\u015ft\u0131r.Tahsilatl\u0131 Kargo Kap\u0131da \u00d6demeli Kargo alan\u0131nda hizmet veren Arac\u0131 Kargo ilk d\u00f6nemlerde \u0130stanbul i\u00e7i Teslimatlar ile sekt\u00f6rde hizmet verdikten sonra k\u0131sa s\u00fcrede T\u00fcm T\u00fcrkiye&#039;ye Tahsilatl\u0131 Kargo hizmeti vermektedir.\" \/>\n<meta name=\"robots\" content=\"index, follow, max-snippet:-1, max-image-preview:large, max-video-preview:-1\" \/>\n<link rel=\"canonical\" href=\"https:\/\/aracikargo.com.tr\/index.php\/hakkimizda\/\" \/>\n<meta property=\"og:locale\" content=\"tr_TR\" \/>\n<meta property=\"og:type\" content=\"article\" \/>\n<meta property=\"og:title\" content=\"Hakk\u0131m\u0131zda\" \/>\n<meta property=\"og:description\" content=\"Arac\u0131 Kargo 2003 Y\u0131l\u0131nda Kargo sekt\u00f6r\u00fcne Merkezi \u0130stanbul Ata\u015fehir&#039;de giri\u015f yapm\u0131\u015ft\u0131r.Tahsilatl\u0131 Kargo Kap\u0131da \u00d6demeli Kargo alan\u0131nda hizmet veren Arac\u0131 Kargo ilk d\u00f6nemlerde \u0130stanbul i\u00e7i Teslimatlar ile sekt\u00f6rde hizmet verdikten sonra k\u0131sa s\u00fcrede T\u00fcm T\u00fcrkiye&#039;ye Tahsilatl\u0131 Kargo hizmeti vermektedir.\" \/>\n<meta property=\"og:url\" content=\"https:\/\/aracikargo.com.tr\/index.php\/hakkimizda\/\" \/>\n<meta property=\"og:site_name\" content=\"Arac\u0131 Kargo\" \/>\n<meta property=\"article:modified_time\" content=\"2025-02-07T19:02:30+00:00\" \/>\n<meta property=\"og:image\" content=\"https:\/\/aracikargo.com.tr\/wp-content\/uploads\/2024\/04\/araci-kargo-firmalari.png\" \/>\n\t<meta property=\"og:image:width\" content=\"538\" \/>\n\t<meta property=\"og:image:height\" content=\"532\" \/>\n\t<meta property=\"og:image:type\" content=\"image\/png\" \/>\n<meta name=\"twitter:card\" content=\"summary_large_image\" \/>\n<meta name=\"twitter:label1\" content=\"Tahmini okuma s\u00fcresi\" \/>\n\t<meta name=\"twitter:data1\" content=\"1 dakika\" \/>\n<script type=\"application\/ld+json\" class=\"yoast-schema-graph\">{\"@context\":\"https:\/\/schema.org\",\"@graph\":[{\"@type\":\"WebPage\",\"@id\":\"https:\/\/aracikargo.com.tr\/index.php\/hakkimizda\/\",\"url\":\"https:\/\/aracikargo.com.tr\/index.php\/hakkimizda\/\",\"name\":\"Hakk\u0131m\u0131zda\",\"isPartOf\":{\"@id\":\"http:\/\/aracikargo.com.tr\/#website\"},\"primaryImageOfPage\":{\"@id\":\"https:\/\/aracikargo.com.tr\/index.php\/hakkimizda\/#primaryimage\"},\"image\":{\"@id\":\"https:\/\/aracikargo.com.tr\/index.php\/hakkimizda\/#primaryimage\"},\"thumbnailUrl\":\"https:\/\/aracikargo.com.tr\/wp-content\/uploads\/2024\/04\/araci-kargo-firmalari.png\",\"datePublished\":\"2024-04-16T14:28:47+00:00\",\"dateModified\":\"2025-02-07T19:02:30+00:00\",\"description\":\"Arac\u0131 Kargo 2003 Y\u0131l\u0131nda Kargo sekt\u00f6r\u00fcne Merkezi \u0130stanbul Ata\u015fehir'de giri\u015f yapm\u0131\u015ft\u0131r.Tahsilatl\u0131 Kargo Kap\u0131da \u00d6demeli Kargo alan\u0131nda hizmet veren Arac\u0131 Kargo ilk d\u00f6nemlerde \u0130stanbul i\u00e7i Teslimatlar ile sekt\u00f6rde hizmet verdikten sonra k\u0131sa s\u00fcrede T\u00fcm T\u00fcrkiye'ye Tahsilatl\u0131 Kargo hizmeti vermektedir.\",\"breadcrumb\":{\"@id\":\"https:\/\/aracikargo.com.tr\/index.php\/hakkimizda\/#breadcrumb\"},\"inLanguage\":\"tr\",\"potentialAction\":[{\"@type\":\"ReadAction\",\"target\":[\"https:\/\/aracikargo.com.tr\/index.php\/hakkimizda\/\"]}]},{\"@type\":\"ImageObject\",\"inLanguage\":\"tr\",\"@id\":\"https:\/\/aracikargo.com.tr\/index.php\/hakkimizda\/#primaryimage\",\"url\":\"https:\/\/aracikargo.com.tr\/wp-content\/uploads\/2024\/04\/araci-kargo-firmalari.png\",\"contentUrl\":\"https:\/\/aracikargo.com.tr\/wp-content\/uploads\/2024\/04\/araci-kargo-firmalari.png\",\"width\":538,\"height\":532},{\"@type\":\"BreadcrumbList\",\"@id\":\"https:\/\/aracikargo.com.tr\/index.php\/hakkimizda\/#breadcrumb\",\"itemListElement\":[{\"@type\":\"ListItem\",\"position\":1,\"name\":\"Anasayfa\",\"item\":\"http:\/\/aracikargo.com.tr\/\"},{\"@type\":\"ListItem\",\"position\":2,\"name\":\"Hakk\u0131m\u0131zda\"}]},{\"@type\":\"WebSite\",\"@id\":\"http:\/\/aracikargo.com.tr\/#website\",\"url\":\"http:\/\/aracikargo.com.tr\/\",\"name\":\"Arac\u0131 Kargo\",\"description\":\"|  WhatsApp Canl\u0131 Destek : 0542 718 02 02 |\",\"publisher\":{\"@id\":\"http:\/\/aracikargo.com.tr\/#organization\"},\"potentialAction\":[{\"@type\":\"SearchAction\",\"target\":{\"@type\":\"EntryPoint\",\"urlTemplate\":\"http:\/\/aracikargo.com.tr\/?s={search_term_string}\"},\"query-input\":\"required name=search_term_string\"}],\"inLanguage\":\"tr\"},{\"@type\":\"Organization\",\"@id\":\"http:\/\/aracikargo.com.tr\/#organization\",\"name\":\"Arac\u0131 Kargo.com.tr\",\"url\":\"http:\/\/aracikargo.com.tr\/\",\"logo\":{\"@type\":\"ImageObject\",\"inLanguage\":\"tr\",\"@id\":\"http:\/\/aracikargo.com.tr\/#\/schema\/logo\/image\/\",\"url\":\"http:\/\/aracikargo.com.tr\/wp-content\/uploads\/2024\/04\/cropped-araci-kargo-logo.png\",\"contentUrl\":\"http:\/\/aracikargo.com.tr\/wp-content\/uploads\/2024\/04\/cropped-araci-kargo-logo.png\",\"width\":512,\"height\":512,\"caption\":\"Arac\u0131 Kargo.com.tr\"},\"image\":{\"@id\":\"http:\/\/aracikargo.com.tr\/#\/schema\/logo\/image\/\"}}]}<\/script>\n<!-- \/ Yoast SEO plugin. -->","yoast_head_json":{"title":"Hakk\u0131m\u0131zda","description":"Arac\u0131 Kargo 2003 Y\u0131l\u0131nda Kargo sekt\u00f6r\u00fcne Merkezi \u0130stanbul Ata\u015fehir'de giri\u015f yapm\u0131\u015ft\u0131r.Tahsilatl\u0131 Kargo Kap\u0131da \u00d6demeli Kargo alan\u0131nda hizmet veren Arac\u0131 Kargo ilk d\u00f6nemlerde \u0130stanbul i\u00e7i Teslimatlar ile sekt\u00f6rde hizmet verdikten sonra k\u0131sa s\u00fcrede T\u00fcm T\u00fcrkiye'ye Tahsilatl\u0131 Kargo hizmeti vermektedir.","robots":{"index":"index","follow":"follow","max-snippet":"max-snippet:-1","max-image-preview":"max-image-preview:large","max-video-preview":"max-video-preview:-1"},"canonical":"https:\/\/aracikargo.com.tr\/index.php\/hakkimizda\/","og_locale":"tr_TR","og_type":"article","og_title":"Hakk\u0131m\u0131zda","og_description":"Arac\u0131 Kargo 2003 Y\u0131l\u0131nda Kargo sekt\u00f6r\u00fcne Merkezi \u0130stanbul Ata\u015fehir'de giri\u015f yapm\u0131\u015ft\u0131r.Tahsilatl\u0131 Kargo Kap\u0131da \u00d6demeli Kargo alan\u0131nda hizmet veren Arac\u0131 Kargo ilk d\u00f6nemlerde \u0130stanbul i\u00e7i Teslimatlar ile sekt\u00f6rde hizmet verdikten sonra k\u0131sa s\u00fcrede T\u00fcm T\u00fcrkiye'ye Tahsilatl\u0131 Kargo hizmeti vermektedir.","og_url":"https:\/\/aracikargo.com.tr\/index.php\/hakkimizda\/","og_site_name":"Arac\u0131 Kargo","article_modified_time":"2025-02-07T19:02:30+00:00","og_image":[{"width":538,"height":532,"url":"https:\/\/aracikargo.com.tr\/wp-content\/uploads\/2024\/04\/araci-kargo-firmalari.png","type":"image\/png"}],"twitter_card":"summary_large_image","twitter_misc":{"Tahmini okuma s\u00fcresi":"1 dakika"},"schema":{"@context":"https:\/\/schema.org","@graph":[{"@type":"WebPage","@id":"https:\/\/aracikargo.com.tr\/index.php\/hakkimizda\/","url":"https:\/\/aracikargo.com.tr\/index.php\/hakkimizda\/","name":"Hakk\u0131m\u0131zda","isPartOf":{"@id":"http:\/\/aracikargo.com.tr\/#website"},"primaryImageOfPage":{"@id":"https:\/\/aracikargo.com.tr\/index.php\/hakkimizda\/#primaryimage"},"image":{"@id":"https:\/\/aracikargo.com.tr\/index.php\/hakkimizda\/#primaryimage"},"thumbnailUrl":"https:\/\/aracikargo.com.tr\/wp-content\/uploads\/2024\/04\/araci-kargo-firmalari.png","datePublished":"2024-04-16T14:28:47+00:00","dateModified":"2025-02-07T19:02:30+00:00","description":"Arac\u0131 Kargo 2003 Y\u0131l\u0131nda Kargo sekt\u00f6r\u00fcne Merkezi \u0130stanbul Ata\u015fehir'de giri\u015f yapm\u0131\u015ft\u0131r.Tahsilatl\u0131 Kargo Kap\u0131da \u00d6demeli Kargo alan\u0131nda hizmet veren Arac\u0131 Kargo ilk d\u00f6nemlerde \u0130stanbul i\u00e7i Teslimatlar ile sekt\u00f6rde hizmet verdikten sonra k\u0131sa s\u00fcrede T\u00fcm T\u00fcrkiye'ye Tahsilatl\u0131 Kargo hizmeti vermektedir.","breadcrumb":{"@id":"https:\/\/aracikargo.com.tr\/index.php\/hakkimizda\/#breadcrumb"},"inLanguage":"tr","potentialAction":[{"@type":"ReadAction","target":["https:\/\/aracikargo.com.tr\/index.php\/hakkimizda\/"]}]},{"@type":"ImageObject","inLanguage":"tr","@id":"https:\/\/aracikargo.com.tr\/index.php\/hakkimizda\/#primaryimage","url":"https:\/\/aracikargo.com.tr\/wp-content\/uploads\/2024\/04\/araci-kargo-firmalari.png","contentUrl":"https:\/\/aracikargo.com.tr\/wp-content\/uploads\/2024\/04\/araci-kargo-firmalari.png","width":538,"height":532},{"@type":"BreadcrumbList","@id":"https:\/\/aracikargo.com.tr\/index.php\/hakkimizda\/#breadcrumb","itemListElement":[{"@type":"ListItem","position":1,"name":"Anasayfa","item":"http:\/\/aracikargo.com.tr\/"},{"@type":"ListItem","position":2,"name":"Hakk\u0131m\u0131zda"}]},{"@type":"WebSite","@id":"http:\/\/aracikargo.com.tr\/#website","url":"http:\/\/aracikargo.com.tr\/","name":"Arac\u0131 Kargo","description":"|  WhatsApp Canl\u0131 Destek : 0542 718 02 02 |","publisher":{"@id":"http:\/\/aracikargo.com.tr\/#organization"},"potentialAction":[{"@type":"SearchAction","target":{"@type":"EntryPoint","urlTemplate":"http:\/\/aracikargo.com.tr\/?s={search_term_string}"},"query-input":"required name=search_term_string"}],"inLanguage":"tr"},{"@type":"Organization","@id":"http:\/\/aracikargo.com.tr\/#organization","name":"Arac\u0131 Kargo.com.tr","url":"http:\/\/aracikargo.com.tr\/","logo":{"@type":"ImageObject","inLanguage":"tr","@id":"http:\/\/aracikargo.com.tr\/#\/schema\/logo\/image\/","url":"http:\/\/aracikargo.com.tr\/wp-content\/uploads\/2024\/04\/cropped-araci-kargo-logo.png","contentUrl":"http:\/\/aracikargo.com.tr\/wp-content\/uploads\/2024\/04\/cropped-araci-kargo-logo.png","width":512,"height":512,"caption":"Arac\u0131 Kargo.com.tr"},"image":{"@id":"http:\/\/aracikargo.com.tr\/#\/schema\/logo\/image\/"}}]}},"_links":{"self":[{"href":"https:\/\/aracikargo.com.tr\/index.php\/wp-json\/wp\/v2\/pages\/37","targetHints":{"allow":["GET"]}}],"collection":[{"href":"https:\/\/aracikargo.com.tr\/index.php\/wp-json\/wp\/v2\/pages"}],"about":[{"href":"https:\/\/aracikargo.com.tr\/index.php\/wp-json\/wp\/v2\/types\/page"}],"author":[{"embeddable":true,"href":"https:\/\/aracikargo.com.tr\/index.php\/wp-json\/wp\/v2\/users\/1"}],"replies":[{"embeddable":true,"href":"https:\/\/aracikargo.com.tr\/index.php\/wp-json\/wp\/v2\/comments?post=37"}],"version-history":[{"count":1,"href":"https:\/\/aracikargo.com.tr\/index.php\/wp-json\/wp\/v2\/pages\/37\/revisions"}],"predecessor-version":[{"id":40,"href":"https:\/\/aracikargo.com.tr\/index.php\/wp-json\/wp\/v2\/pages\/37\/revisions\/40"}],"wp:featuredmedia":[{"embeddable":true,"href":"https:\/\/aracikargo.com.tr\/index.php\/wp-json\/wp\/v2\/media\/38"}],"wp:attachment":[{"href":"https:\/\/aracikargo.com.tr\/index.php\/wp-json\/wp\/v2\/media?parent=37"}],"curies":[{"name":"wp","href":"https:\/\/api.w.org\/{rel}","templated":true}]}}