{"id":25,"date":"2024-04-16T16:54:48","date_gmt":"2024-04-16T13:54:48","guid":{"rendered":"https:\/\/aracikargo.com.tr\/?page_id=25"},"modified":"2025-12-16T09:59:16","modified_gmt":"2025-12-16T06:59:16","slug":"iletisim","status":"publish","type":"page","link":"https:\/\/aracikargo.com.tr\/index.php\/iletisim\/","title":{"rendered":"\u0130leti\u015fim"},"content":{"rendered":"\n<p><img loading=\"lazy\" decoding=\"async\" width=\"400\" height=\"69\" class=\"wp-image-16\" style=\"width: 400px;\" src=\"http:\/\/aracikargo.com.tr\/wp-content\/uploads\/2024\/04\/aracikargo-logo.png\" alt=\"\" srcset=\"https:\/\/aracikargo.com.tr\/wp-content\/uploads\/2024\/04\/aracikargo-logo.png 513w, https:\/\/aracikargo.com.tr\/wp-content\/uploads\/2024\/04\/aracikargo-logo-300x52.png 300w\" sizes=\"auto, (max-width: 400px) 100vw, 400px\" \/><\/p>\n\n\n\n<p>Operasyon Mrkz  : Vi\u015fnezade Mahallesi Kad\u0131rgalar Caddesi Be\u015fikta\u015f \/ \u0130STANBUL<\/p>\n\n\n\n<p> Web : www.aracikargo.com.tr&nbsp;  <\/p>\n\n\n\n<p>\u0130leti\u015fim : WhatsApp 0542 718 02 02<\/p>\n\n\n\n<p><\/p>\n\n\n\n<p><\/p>\n","protected":false},"excerpt":{"rendered":"<p>Operasyon Mrkz : Vi\u015fnezade Mahallesi Kad\u0131rgalar Caddesi Be\u015fikta\u015f \/ \u0130STANBUL Web : www.aracikargo.com.tr&nbsp; \u0130leti\u015fim : WhatsApp 0542 718 02 02<\/p>\n","protected":false},"author":1,"featured_media":16,"parent":0,"menu_order":0,"comment_status":"closed","ping_status":"closed","template":"","meta":{"footnotes":""},"class_list":["post-25","page","type-page","status-publish","has-post-thumbnail","hentry"],"yoast_head":"<!-- This site is optimized with the Yoast SEO plugin v22.5 - https:\/\/yoast.com\/wordpress\/plugins\/seo\/ -->\n<title>\u0130leti\u015fim<\/title>\n<meta name=\"description\" content=\"Merkez Ofis Adres : Vi\u015fnezade Mahallesi Kad\u0131rgalar Caddesi Be\u015fikta\u015f \/ \u0130STANBUL Web : www.aracikargo.com.tr\u00a0 \u0130leti\u015fim : WhatsApp 0542 718 02 02E-Mail : aracikargom@gmail.com\" \/>\n<meta name=\"robots\" content=\"index, follow, max-snippet:-1, max-image-preview:large, max-video-preview:-1\" \/>\n<link rel=\"canonical\" href=\"https:\/\/aracikargo.com.tr\/index.php\/iletisim\/\" \/>\n<meta property=\"og:locale\" content=\"tr_TR\" \/>\n<meta property=\"og:type\" content=\"article\" \/>\n<meta property=\"og:title\" content=\"\u0130leti\u015fim\" \/>\n<meta property=\"og:description\" content=\"Merkez Ofis Adres : Vi\u015fnezade Mahallesi Kad\u0131rgalar Caddesi Be\u015fikta\u015f \/ \u0130STANBUL Web : www.aracikargo.com.tr\u00a0 \u0130leti\u015fim : WhatsApp 0542 718 02 02E-Mail : aracikargom@gmail.com\" \/>\n<meta property=\"og:url\" content=\"https:\/\/aracikargo.com.tr\/index.php\/iletisim\/\" \/>\n<meta property=\"og:site_name\" content=\"Arac\u0131 Kargo\" \/>\n<meta property=\"article:modified_time\" content=\"2025-12-16T06:59:16+00:00\" \/>\n<meta property=\"og:image\" content=\"https:\/\/aracikargo.com.tr\/wp-content\/uploads\/2024\/04\/aracikargo-logo.png\" \/>\n\t<meta property=\"og:image:width\" content=\"513\" \/>\n\t<meta property=\"og:image:height\" content=\"89\" \/>\n\t<meta property=\"og:image:type\" content=\"image\/png\" \/>\n<meta name=\"twitter:card\" content=\"summary_large_image\" \/>\n<meta name=\"twitter:label1\" content=\"Tahmini okuma s\u00fcresi\" \/>\n\t<meta name=\"twitter:data1\" content=\"1 dakika\" \/>\n<script type=\"application\/ld+json\" class=\"yoast-schema-graph\">{\"@context\":\"https:\/\/schema.org\",\"@graph\":[{\"@type\":\"WebPage\",\"@id\":\"https:\/\/aracikargo.com.tr\/index.php\/iletisim\/\",\"url\":\"https:\/\/aracikargo.com.tr\/index.php\/iletisim\/\",\"name\":\"\u0130leti\u015fim\",\"isPartOf\":{\"@id\":\"http:\/\/aracikargo.com.tr\/#website\"},\"primaryImageOfPage\":{\"@id\":\"https:\/\/aracikargo.com.tr\/index.php\/iletisim\/#primaryimage\"},\"image\":{\"@id\":\"https:\/\/aracikargo.com.tr\/index.php\/iletisim\/#primaryimage\"},\"thumbnailUrl\":\"https:\/\/aracikargo.com.tr\/wp-content\/uploads\/2024\/04\/aracikargo-logo.png\",\"datePublished\":\"2024-04-16T13:54:48+00:00\",\"dateModified\":\"2025-12-16T06:59:16+00:00\",\"description\":\"Merkez Ofis Adres : Vi\u015fnezade Mahallesi Kad\u0131rgalar Caddesi Be\u015fikta\u015f \/ \u0130STANBUL Web : www.aracikargo.com.tr\u00a0 \u0130leti\u015fim : WhatsApp 0542 718 02 02E-Mail : aracikargom@gmail.com\",\"breadcrumb\":{\"@id\":\"https:\/\/aracikargo.com.tr\/index.php\/iletisim\/#breadcrumb\"},\"inLanguage\":\"tr\",\"potentialAction\":[{\"@type\":\"ReadAction\",\"target\":[\"https:\/\/aracikargo.com.tr\/index.php\/iletisim\/\"]}]},{\"@type\":\"ImageObject\",\"inLanguage\":\"tr\",\"@id\":\"https:\/\/aracikargo.com.tr\/index.php\/iletisim\/#primaryimage\",\"url\":\"https:\/\/aracikargo.com.tr\/wp-content\/uploads\/2024\/04\/aracikargo-logo.png\",\"contentUrl\":\"https:\/\/aracikargo.com.tr\/wp-content\/uploads\/2024\/04\/aracikargo-logo.png\",\"width\":513,\"height\":89},{\"@type\":\"BreadcrumbList\",\"@id\":\"https:\/\/aracikargo.com.tr\/index.php\/iletisim\/#breadcrumb\",\"itemListElement\":[{\"@type\":\"ListItem\",\"position\":1,\"name\":\"Anasayfa\",\"item\":\"http:\/\/aracikargo.com.tr\/\"},{\"@type\":\"ListItem\",\"position\":2,\"name\":\"\u0130leti\u015fim\"}]},{\"@type\":\"WebSite\",\"@id\":\"http:\/\/aracikargo.com.tr\/#website\",\"url\":\"http:\/\/aracikargo.com.tr\/\",\"name\":\"Arac\u0131 Kargo\",\"description\":\"|  WhatsApp Canl\u0131 Destek : 0542 718 02 02 |\",\"publisher\":{\"@id\":\"http:\/\/aracikargo.com.tr\/#organization\"},\"potentialAction\":[{\"@type\":\"SearchAction\",\"target\":{\"@type\":\"EntryPoint\",\"urlTemplate\":\"http:\/\/aracikargo.com.tr\/?s={search_term_string}\"},\"query-input\":\"required name=search_term_string\"}],\"inLanguage\":\"tr\"},{\"@type\":\"Organization\",\"@id\":\"http:\/\/aracikargo.com.tr\/#organization\",\"name\":\"Arac\u0131 Kargo.com.tr\",\"url\":\"http:\/\/aracikargo.com.tr\/\",\"logo\":{\"@type\":\"ImageObject\",\"inLanguage\":\"tr\",\"@id\":\"http:\/\/aracikargo.com.tr\/#\/schema\/logo\/image\/\",\"url\":\"http:\/\/aracikargo.com.tr\/wp-content\/uploads\/2024\/04\/cropped-araci-kargo-logo.png\",\"contentUrl\":\"http:\/\/aracikargo.com.tr\/wp-content\/uploads\/2024\/04\/cropped-araci-kargo-logo.png\",\"width\":512,\"height\":512,\"caption\":\"Arac\u0131 Kargo.com.tr\"},\"image\":{\"@id\":\"http:\/\/aracikargo.com.tr\/#\/schema\/logo\/image\/\"}}]}<\/script>\n<!-- \/ Yoast SEO plugin. -->","yoast_head_json":{"title":"\u0130leti\u015fim","description":"Merkez Ofis Adres : Vi\u015fnezade Mahallesi Kad\u0131rgalar Caddesi Be\u015fikta\u015f \/ \u0130STANBUL Web : www.aracikargo.com.tr\u00a0 \u0130leti\u015fim : WhatsApp 0542 718 02 02E-Mail : aracikargom@gmail.com","robots":{"index":"index","follow":"follow","max-snippet":"max-snippet:-1","max-image-preview":"max-image-preview:large","max-video-preview":"max-video-preview:-1"},"canonical":"https:\/\/aracikargo.com.tr\/index.php\/iletisim\/","og_locale":"tr_TR","og_type":"article","og_title":"\u0130leti\u015fim","og_description":"Merkez Ofis Adres : Vi\u015fnezade Mahallesi Kad\u0131rgalar Caddesi Be\u015fikta\u015f \/ \u0130STANBUL Web : www.aracikargo.com.tr\u00a0 \u0130leti\u015fim : WhatsApp 0542 718 02 02E-Mail : aracikargom@gmail.com","og_url":"https:\/\/aracikargo.com.tr\/index.php\/iletisim\/","og_site_name":"Arac\u0131 Kargo","article_modified_time":"2025-12-16T06:59:16+00:00","og_image":[{"width":513,"height":89,"url":"https:\/\/aracikargo.com.tr\/wp-content\/uploads\/2024\/04\/aracikargo-logo.png","type":"image\/png"}],"twitter_card":"summary_large_image","twitter_misc":{"Tahmini okuma s\u00fcresi":"1 dakika"},"schema":{"@context":"https:\/\/schema.org","@graph":[{"@type":"WebPage","@id":"https:\/\/aracikargo.com.tr\/index.php\/iletisim\/","url":"https:\/\/aracikargo.com.tr\/index.php\/iletisim\/","name":"\u0130leti\u015fim","isPartOf":{"@id":"http:\/\/aracikargo.com.tr\/#website"},"primaryImageOfPage":{"@id":"https:\/\/aracikargo.com.tr\/index.php\/iletisim\/#primaryimage"},"image":{"@id":"https:\/\/aracikargo.com.tr\/index.php\/iletisim\/#primaryimage"},"thumbnailUrl":"https:\/\/aracikargo.com.tr\/wp-content\/uploads\/2024\/04\/aracikargo-logo.png","datePublished":"2024-04-16T13:54:48+00:00","dateModified":"2025-12-16T06:59:16+00:00","description":"Merkez Ofis Adres : Vi\u015fnezade Mahallesi Kad\u0131rgalar Caddesi Be\u015fikta\u015f \/ \u0130STANBUL Web : www.aracikargo.com.tr\u00a0 \u0130leti\u015fim : WhatsApp 0542 718 02 02E-Mail : aracikargom@gmail.com","breadcrumb":{"@id":"https:\/\/aracikargo.com.tr\/index.php\/iletisim\/#breadcrumb"},"inLanguage":"tr","potentialAction":[{"@type":"ReadAction","target":["https:\/\/aracikargo.com.tr\/index.php\/iletisim\/"]}]},{"@type":"ImageObject","inLanguage":"tr","@id":"https:\/\/aracikargo.com.tr\/index.php\/iletisim\/#primaryimage","url":"https:\/\/aracikargo.com.tr\/wp-content\/uploads\/2024\/04\/aracikargo-logo.png","contentUrl":"https:\/\/aracikargo.com.tr\/wp-content\/uploads\/2024\/04\/aracikargo-logo.png","width":513,"height":89},{"@type":"BreadcrumbList","@id":"https:\/\/aracikargo.com.tr\/index.php\/iletisim\/#breadcrumb","itemListElement":[{"@type":"ListItem","position":1,"name":"Anasayfa","item":"http:\/\/aracikargo.com.tr\/"},{"@type":"ListItem","position":2,"name":"\u0130leti\u015fim"}]},{"@type":"WebSite","@id":"http:\/\/aracikargo.com.tr\/#website","url":"http:\/\/aracikargo.com.tr\/","name":"Arac\u0131 Kargo","description":"|  WhatsApp Canl\u0131 Destek : 0542 718 02 02 |","publisher":{"@id":"http:\/\/aracikargo.com.tr\/#organization"},"potentialAction":[{"@type":"SearchAction","target":{"@type":"EntryPoint","urlTemplate":"http:\/\/aracikargo.com.tr\/?s={search_term_string}"},"query-input":"required name=search_term_string"}],"inLanguage":"tr"},{"@type":"Organization","@id":"http:\/\/aracikargo.com.tr\/#organization","name":"Arac\u0131 Kargo.com.tr","url":"http:\/\/aracikargo.com.tr\/","logo":{"@type":"ImageObject","inLanguage":"tr","@id":"http:\/\/aracikargo.com.tr\/#\/schema\/logo\/image\/","url":"http:\/\/aracikargo.com.tr\/wp-content\/uploads\/2024\/04\/cropped-araci-kargo-logo.png","contentUrl":"http:\/\/aracikargo.com.tr\/wp-content\/uploads\/2024\/04\/cropped-araci-kargo-logo.png","width":512,"height":512,"caption":"Arac\u0131 Kargo.com.tr"},"image":{"@id":"http:\/\/aracikargo.com.tr\/#\/schema\/logo\/image\/"}}]}},"_links":{"self":[{"href":"https:\/\/aracikargo.com.tr\/index.php\/wp-json\/wp\/v2\/pages\/25","targetHints":{"allow":["GET"]}}],"collection":[{"href":"https:\/\/aracikargo.com.tr\/index.php\/wp-json\/wp\/v2\/pages"}],"about":[{"href":"https:\/\/aracikargo.com.tr\/index.php\/wp-json\/wp\/v2\/types\/page"}],"author":[{"embeddable":true,"href":"https:\/\/aracikargo.com.tr\/index.php\/wp-json\/wp\/v2\/users\/1"}],"replies":[{"embeddable":true,"href":"https:\/\/aracikargo.com.tr\/index.php\/wp-json\/wp\/v2\/comments?post=25"}],"version-history":[{"count":11,"href":"https:\/\/aracikargo.com.tr\/index.php\/wp-json\/wp\/v2\/pages\/25\/revisions"}],"predecessor-version":[{"id":500,"href":"https:\/\/aracikargo.com.tr\/index.php\/wp-json\/wp\/v2\/pages\/25\/revisions\/500"}],"wp:featuredmedia":[{"embeddable":true,"href":"https:\/\/aracikargo.com.tr\/index.php\/wp-json\/wp\/v2\/media\/16"}],"wp:attachment":[{"href":"https:\/\/aracikargo.com.tr\/index.php\/wp-json\/wp\/v2\/media?parent=25"}],"curies":[{"name":"wp","href":"https:\/\/api.w.org\/{rel}","templated":true}]}}